{"id":9,"date":"2023-04-01T00:00:32","date_gmt":"2023-04-01T05:00:32","guid":{"rendered":"https:\/\/red.aeiotu.org\/talento\/index.php\/jobs\/advanced-search\/"},"modified":"2023-06-29T13:45:40","modified_gmt":"2023-06-29T18:45:40","slug":"busqueda-avanzada","status":"publish","type":"page","link":"https:\/\/red.aeiotu.org\/talento\/ofertas\/busqueda-avanzada\/","title":{"rendered":"B\u00fasqueda avanzada"},"content":{"rendered":"\n<figure class=\"wp-block-image size-full\"><img loading=\"lazy\" decoding=\"async\" width=\"1600\" height=\"446\" src=\"https:\/\/red.aeiotu.org\/talento\/wp-content\/uploads\/2023\/06\/aeiotu_header_ofertas_laborales.jpeg\" alt=\"\" class=\"wp-image-1551\" srcset=\"https:\/\/red.aeiotu.org\/talento\/wp-content\/uploads\/2023\/06\/aeiotu_header_ofertas_laborales.jpeg 1600w, https:\/\/red.aeiotu.org\/talento\/wp-content\/uploads\/2023\/06\/aeiotu_header_ofertas_laborales-300x84.jpeg 300w, https:\/\/red.aeiotu.org\/talento\/wp-content\/uploads\/2023\/06\/aeiotu_header_ofertas_laborales-1024x285.jpeg 1024w, https:\/\/red.aeiotu.org\/talento\/wp-content\/uploads\/2023\/06\/aeiotu_header_ofertas_laborales-768x214.jpeg 768w, https:\/\/red.aeiotu.org\/talento\/wp-content\/uploads\/2023\/06\/aeiotu_header_ofertas_laborales-1536x428.jpeg 1536w\" sizes=\"auto, (max-width: 1600px) 100vw, 1600px\" \/><\/figure>\n\n\n\n<div style=\"height:50px\" aria-hidden=\"true\" class=\"wp-block-spacer\"><\/div>\n\n\n\n<figure class=\"wp-block-image size-large is-resized\"><img loading=\"lazy\" decoding=\"async\" src=\"https:\/\/red.aeiotu.org\/talento\/wp-content\/uploads\/2023\/06\/aeiotu_title_ofertas_disponibles-1024x118.png\" alt=\"\" class=\"wp-image-1299\" width=\"768\" height=\"89\" srcset=\"https:\/\/red.aeiotu.org\/talento\/wp-content\/uploads\/2023\/06\/aeiotu_title_ofertas_disponibles-1024x118.png 1024w, https:\/\/red.aeiotu.org\/talento\/wp-content\/uploads\/2023\/06\/aeiotu_title_ofertas_disponibles-300x35.png 300w, https:\/\/red.aeiotu.org\/talento\/wp-content\/uploads\/2023\/06\/aeiotu_title_ofertas_disponibles-768x88.png 768w, https:\/\/red.aeiotu.org\/talento\/wp-content\/uploads\/2023\/06\/aeiotu_title_ofertas_disponibles.png 1233w\" sizes=\"auto, (max-width: 768px) 100vw, 768px\" \/><\/figure>\n\n\n\n<p>Puedes usar los filtros que ponemos a continuaci\u00f3n para hacer b\u00fasquedas m\u00e1s precisas de las ofertas de trabajo que te interesan:<\/p>\n\n\n<style type=\"text\/css\">\n    .wpjb .wpjb-grid .wpjb-col-logo > div.wpjb-flex-img {\n        width: 50px;\n        height: 50px;\n        font-size: 35px;\n        line-height: 35px;\n    }\n<\/style>\n<div class=\"wpjb wpjb-page-search\">\n\n        \n    <form action=\"https:\/\/red.aeiotu.org\/talento\/ofertas\/busqueda-avanzada\/\" method=\"get\" class=\"wpjb-form wpjb-form-to-refine \">\n                         \n        <fieldset class=\"wpjb-fieldset-search\">\n            <legend class=\"wpjb-empty\"><\/legend>\n                                    <div class=\"wpjb-element-input-text wpjb-element-name-query\">\n\n                <label class=\"wpjb-label\">\n                    Palabra clave                                    <\/label>\n                \n                <div class=\"wpjb-field\">\n                    <input id=\"query\" name=\"query\" type=\"text\"  \/>                                                        <\/div>\n\n            <\/div>\n                                    <div class=\"wpjb-element-input-text wpjb-element-name-location\">\n\n                <label class=\"wpjb-label\">\n                    Location                                    <\/label>\n                \n                <div class=\"wpjb-field\">\n                    <input id=\"location\" name=\"location\" type=\"text\"  \/>                                                        <\/div>\n\n            <\/div>\n                                    <div class=\"wpjb-element-input-select wpjb-element-name-type\">\n\n                <label class=\"wpjb-label\">\n                    Job Type                                    <\/label>\n                \n                <div class=\"wpjb-field\">\n                    <select id=\"type\" name=\"type\" ><option value=\"\" class=\"daq-multiselect-empty-option\">&nbsp;<\/option><option value=\"6\" >Contrato a termino fijo<\/option><option value=\"3\" >Contrato a termino indefinido<\/option><option value=\"5\" >Contrato civil por prestaci\u00f3n de servicios<\/option><option value=\"14\" >Contrato de aprendizaje<\/option><option value=\"4\" >Contrato de obra o labor<\/option><option value=\"13\" >Contrato ocasional de trabajo<\/option><\/select>                                                        <\/div>\n\n            <\/div>\n                                    <div class=\"wpjb-element-input-select wpjb-element-name-category\">\n\n                <label class=\"wpjb-label\">\n                    Job Category                                    <\/label>\n                \n                <div class=\"wpjb-field\">\n                    <select id=\"category\" name=\"category\" ><option value=\"\" class=\"daq-multiselect-empty-option\">&nbsp;<\/option><option value=\"33\" >- Otros<\/option><option value=\"15\" >Administrativo \/ Financiero \/ Contabilidad<\/option><option value=\"23\" >Arte \/ Cultura<\/option><option value=\"17\" >Atenci\u00f3n al cliente<\/option><option value=\"28\" >Calidad \/ Investigaci\u00f3n \/ Proyectos<\/option><option value=\"37\" >Comercial<\/option><option value=\"16\" >Compras<\/option><option value=\"22\" >Direcci\u00f3n \/ Gerencia<\/option><option value=\"38\" >Dise\u00f1o gr\u00e1fico \/ Audiovisuales<\/option><option value=\"1\" >General<\/option><option value=\"35\" >Gesti\u00f3n Humana<\/option><option value=\"29\" >Legal \/ Abogac\u00eda \/ Incidencia<\/option><option value=\"32\" >Mercadotecnia \/ Publicidad \/ Comunicaciones<\/option><option value=\"24\" >Pedagog\u00eda<\/option><option value=\"31\" >Salud<\/option><option value=\"26\" >Tecnolog\u00eda \/ Digital<\/option><\/select>                                                        <\/div>\n\n            <\/div>\n                                    <div class=\"wpjb-element-input-select wpjb-element-name-posted\">\n\n                <label class=\"wpjb-label\">\n                    Posted                                    <\/label>\n                \n                <div class=\"wpjb-field\">\n                    <select id=\"posted\" name=\"posted\" ><option > <\/option><option value=\"1\" >Today<\/option><option value=\"2\" >Since Yesterday<\/option><option value=\"7\" >Less than 7 days ago<\/option><option value=\"30\" >Less than 30 days ago<\/option><\/select>                                                        <\/div>\n\n            <\/div>\n                    <\/fieldset>\n                <fieldset>\n            <legend class=\"wpjb-empty\"><\/legend>\n            <input type=\"submit\" class=\"wpjb-submit\" id=\"wpjb_submit\" value=\"Search\" \/>\n        <\/fieldset>\n\n    <\/form>\n    \n    \n<\/div>\n\n\n\n\n<div style=\"height:50px\" aria-hidden=\"true\" class=\"wp-block-spacer\"><\/div>\n","protected":false},"excerpt":{"rendered":"<p>Puedes usar los filtros que ponemos a continuaci\u00f3n para hacer b\u00fasquedas m\u00e1s precisas de las ofertas de trabajo que te interesan:<\/p>\n","protected":false},"author":1,"featured_media":0,"parent":7,"menu_order":1100,"comment_status":"closed","ping_status":"closed","template":"","meta":{"site-sidebar-layout":"default","site-content-layout":"","ast-site-content-layout":"default","site-content-style":"default","site-sidebar-style":"default","ast-global-header-display":"","ast-banner-title-visibility":"","ast-main-header-display":"","ast-hfb-above-header-display":"","ast-hfb-below-header-display":"","ast-hfb-mobile-header-display":"","site-post-title":"disabled","ast-breadcrumbs-content":"","ast-featured-img":"","footer-sml-layout":"","ast-disable-related-posts":"","theme-transparent-header-meta":"","adv-header-id-meta":"","stick-header-meta":"","header-above-stick-meta":"","header-main-stick-meta":"","header-below-stick-meta":"","astra-migrate-meta-layouts":"default","ast-page-background-enabled":"default","ast-page-background-meta":{"desktop":{"background-color":"var(--ast-global-color-4)","background-image":"","background-repeat":"repeat","background-position":"center center","background-size":"auto","background-attachment":"scroll","background-type":"","background-media":"","overlay-type":"","overlay-color":"","overlay-opacity":"","overlay-gradient":""},"tablet":{"background-color":"","background-image":"","background-repeat":"repeat","background-position":"center center","background-size":"auto","background-attachment":"scroll","background-type":"","background-media":"","overlay-type":"","overlay-color":"","overlay-opacity":"","overlay-gradient":""},"mobile":{"background-color":"","background-image":"","background-repeat":"repeat","background-position":"center center","background-size":"auto","background-attachment":"scroll","background-type":"","background-media":"","overlay-type":"","overlay-color":"","overlay-opacity":"","overlay-gradient":""}},"ast-content-background-meta":{"desktop":{"background-color":"var(--ast-global-color-5)","background-image":"","background-repeat":"repeat","background-position":"center center","background-size":"auto","background-attachment":"scroll","background-type":"","background-media":"","overlay-type":"","overlay-color":"","overlay-opacity":"","overlay-gradient":""},"tablet":{"background-color":"var(--ast-global-color-5)","background-image":"","background-repeat":"repeat","background-position":"center center","background-size":"auto","background-attachment":"scroll","background-type":"","background-media":"","overlay-type":"","overlay-color":"","overlay-opacity":"","overlay-gradient":""},"mobile":{"background-color":"var(--ast-global-color-5)","background-image":"","background-repeat":"repeat","background-position":"center center","background-size":"auto","background-attachment":"scroll","background-type":"","background-media":"","overlay-type":"","overlay-color":"","overlay-opacity":"","overlay-gradient":""}},"footnotes":""},"class_list":["post-9","page","type-page","status-publish","hentry"],"_links":{"self":[{"href":"https:\/\/red.aeiotu.org\/talento\/wp-json\/wp\/v2\/pages\/9","targetHints":{"allow":["GET"]}}],"collection":[{"href":"https:\/\/red.aeiotu.org\/talento\/wp-json\/wp\/v2\/pages"}],"about":[{"href":"https:\/\/red.aeiotu.org\/talento\/wp-json\/wp\/v2\/types\/page"}],"author":[{"embeddable":true,"href":"https:\/\/red.aeiotu.org\/talento\/wp-json\/wp\/v2\/users\/1"}],"replies":[{"embeddable":true,"href":"https:\/\/red.aeiotu.org\/talento\/wp-json\/wp\/v2\/comments?post=9"}],"version-history":[{"count":7,"href":"https:\/\/red.aeiotu.org\/talento\/wp-json\/wp\/v2\/pages\/9\/revisions"}],"predecessor-version":[{"id":1554,"href":"https:\/\/red.aeiotu.org\/talento\/wp-json\/wp\/v2\/pages\/9\/revisions\/1554"}],"up":[{"embeddable":true,"href":"https:\/\/red.aeiotu.org\/talento\/wp-json\/wp\/v2\/pages\/7"}],"wp:attachment":[{"href":"https:\/\/red.aeiotu.org\/talento\/wp-json\/wp\/v2\/media?parent=9"}],"curies":[{"name":"wp","href":"https:\/\/api.w.org\/{rel}","templated":true}]}}